{"id":285,"date":"2018-02-09T10:40:06","date_gmt":"2018-02-09T10:40:06","guid":{"rendered":"https:\/\/demo.themegrill.com\/colormag\/?page_id=285"},"modified":"2021-04-14T19:34:40","modified_gmt":"2021-04-14T19:34:40","slug":"contact-us","status":"publish","type":"page","link":"https:\/\/ertekinler.com.tr\/?page_id=285","title":{"rendered":"Bizimle \u0130leti\u015fime Ge\u00e7in"},"content":{"rendered":"\n<h5><strong>ADRES<\/strong><\/h5>\n\n\n\n<p><a href=\"address:Yenimahalle Karadeniz Cad.no:57\/A\">Yenimahalle Karadeniz Cad.no:57\/A Ordu, T\u00fcrkiye<\/a><\/p>\n\n\n\n<h5><strong>TELEFON<\/strong><\/h5>\n\n\n\n<p><a href=\"tel:0452-2342525\">0452-2342525<\/a><\/p>\n\n\n\n<h5><strong>FAX<\/strong><\/h5>\n\n\n\n<p><a href=\"tel:+90(452)2342626\"><\/a><a href=\"tel:0452-2342525\">0452-2342626<\/a><\/p>\n\n\n\n<h5><strong>E-POSTA<\/strong><\/h5>\n\n\n\n<p><a href=\"mailto:bilgi@ertekinler.com.tr\">bilgi@ertekinler.com.tr<\/a><\/p>\n\n\n<div class=\"everest-forms\"><div class=\"evf-container default\" id=\"evf-345\"><form id=\"evf-form-345\" class=\"everest-form\" data-formid=\"345\" data-ajax_submission=\"0\" method=\"post\" enctype=\"multipart\/form-data\" action=\"\/index.php?rest_route=%2Fwp%2Fv2%2Fpages%2F285\"><div class=\"evf-field-container\"><input type=\"hidden\" id=\"_wpnonce\" name=\"_wpnonce\" value=\"b9b2f5bd85\" \/><input type=\"hidden\" name=\"_wp_http_referer\" value=\"\/index.php?rest_route=%2Fwp%2Fv2%2Fpages%2F285\" \/><div class=\"evf-frontend-row\" data-row=\"row_1\"><div class=\"evf-frontend-grid evf-grid-1\" data-grid=\"grid_1\"><div id=\"evf-345-field_fullname-container\" class=\"evf-field evf-field-text form-row validate-required\" data-required-field-message=\"This field is required.\" data-field-id=\"fullname\"><label class=\"evf-field-label\" for=\"evf-345-field_fullname\"><span class=\"evf-label\">isim<\/span> <abbr class=\"required\" title=\"Required\">*<\/abbr><\/label><input type=\"text\" id=\"evf-345-field_fullname\" class=\"input-text\" name=\"everest_forms[form_fields][fullname]\" required><\/div><div id=\"evf-345-field_EzrroZXB5a-1-container\" class=\"evf-field evf-field-last-name form-row\" data-field-id=\"EzrroZXB5a-1\"><label class=\"evf-field-label\" for=\"evf-345-field_EzrroZXB5a-1\"><span class=\"evf-label\">Soy \u0130sim<\/span> <\/label><input type=\"text\" id=\"evf-345-field_EzrroZXB5a-1\" class=\"input-text\" name=\"everest_forms[form_fields][EzrroZXB5a-1]\" ><\/div><div id=\"evf-345-field_email-container\" class=\"evf-field evf-field-email form-row validate-required validate-email\" data-required-field-message=\"Please enter a valid email address.\" data-field-id=\"email\"><label class=\"evf-field-label\" for=\"evf-345-field_email\"><span class=\"evf-label\">Email<\/span> <abbr class=\"required\" title=\"Required\">*<\/abbr><\/label><input type=\"email\" id=\"evf-345-field_email\" class=\"input-text\" name=\"everest_forms[form_fields][email]\" required><\/div><div id=\"evf-345-field_subject-container\" class=\"evf-field evf-field-text form-row validate-required\" data-required-field-message=\"This field is required.\" data-field-id=\"subject\"><label class=\"evf-field-label\" for=\"evf-345-field_subject\"><span class=\"evf-label\">Konu<\/span> <abbr class=\"required\" title=\"Required\">*<\/abbr><\/label><input type=\"text\" id=\"evf-345-field_subject\" class=\"input-text\" name=\"everest_forms[form_fields][subject]\" required><\/div><div id=\"evf-345-field_message-container\" class=\"evf-field evf-field-textarea form-row\" data-field-id=\"message\"><label class=\"evf-field-label\" for=\"evf-345-field_message\"><span class=\"evf-label\">Mesaj\u0131n\u0131z<\/span> <\/label><textarea id=\"evf-345-field_message\" class=\"input-text\" name=\"everest_forms[form_fields][message]\" ><\/textarea><\/div><\/div><\/div><\/div><div class=\"evf-honeypot-container evf-field-hp\"><label for=\"evf-345-field-hp\" class=\"evf-field-label\">Phone<\/label><input type=\"text\" name=\"everest_forms[hp]\" id=\"evf-345-field-hp\" class=\"input-text\"><\/div><div class=\"evf-submit-container \" ><input type=\"hidden\" name=\"everest_forms[id]\" value=\"345\"><input type=\"hidden\" name=\"everest_forms[author]\" value=\"1\"><button type='submit' name='everest_forms[submit]' class='everest-forms-submit-button button evf-submit ' id='evf-submit-345' value='evf-submit' data-process-text=\"Processing\u2026\" conditional_rules='\"\"' conditional_id='evf-submit-345' >Submit<\/button><\/div><\/form><\/div><!-- .evf-container --><\/div>\n\n\n\n<p><\/p>\n","protected":false},"excerpt":{"rendered":"<p>ADRES Yenimahalle Karadeniz Cad.no:57\/A Ordu, T\u00fcrkiye TELEFON 0452-2342525 FAX 0452-2342626 E-POSTA bilgi@ertekinler.com.tr<\/p>\n","protected":false},"author":1,"featured_media":0,"parent":0,"menu_order":0,"comment_status":"closed","ping_status":"closed","template":"page-templates\/contact.php","meta":[],"_links":{"self":[{"href":"https:\/\/ertekinler.com.tr\/index.php?rest_route=\/wp\/v2\/pages\/285"}],"collection":[{"href":"https:\/\/ertekinler.com.tr\/index.php?rest_route=\/wp\/v2\/pages"}],"about":[{"href":"https:\/\/ertekinler.com.tr\/index.php?rest_route=\/wp\/v2\/types\/page"}],"author":[{"embeddable":true,"href":"https:\/\/ertekinler.com.tr\/index.php?rest_route=\/wp\/v2\/users\/1"}],"replies":[{"embeddable":true,"href":"https:\/\/ertekinler.com.tr\/index.php?rest_route=%2Fwp%2Fv2%2Fcomments&post=285"}],"version-history":[{"count":9,"href":"https:\/\/ertekinler.com.tr\/index.php?rest_route=\/wp\/v2\/pages\/285\/revisions"}],"predecessor-version":[{"id":478,"href":"https:\/\/ertekinler.com.tr\/index.php?rest_route=\/wp\/v2\/pages\/285\/revisions\/478"}],"wp:attachment":[{"href":"https:\/\/ertekinler.com.tr\/index.php?rest_route=%2Fwp%2Fv2%2Fmedia&parent=285"}],"curies":[{"name":"wp","href":"https:\/\/api.w.org\/{rel}","templated":true}]}}